{"id":145,"date":"2023-11-30T22:22:31","date_gmt":"2023-11-30T22:22:31","guid":{"rendered":"https:\/\/www.dhbvalves.com\/?page_id=145"},"modified":"2025-09-04T15:22:04","modified_gmt":"2025-09-04T19:22:04","slug":"test-et-certification-des-performances-des-vannes","status":"publish","type":"page","link":"https:\/\/www.dhbvalves.com\/en\/service\/test-et-certification-des-performances-des-vannes\/","title":{"rendered":"Valve Performance Testing &amp; Certification"},"content":{"rendered":"<div data-elementor-type=\"wp-page\" data-elementor-id=\"145\" class=\"elementor elementor-145\" data-elementor-post-type=\"page\">\n\t\t\t\t<div class=\"elementor-element elementor-element-8f1a196 e-con-full e-flex e-con e-parent\" data-id=\"8f1a196\" data-element_type=\"container\" data-e-type=\"container\">\n\t\t<div class=\"elementor-element elementor-element-8d19db4 e-con-full e-flex e-con e-child\" data-id=\"8d19db4\" data-element_type=\"container\" data-e-type=\"container\">\n\t\t\t\t<div class=\"elementor-element elementor-element-74b7117 elementor--h-position-center elementor--v-position-middle elementor-arrows-position-inside elementor-pagination-position-inside elementor-widget elementor-widget-slides\" data-id=\"74b7117\" data-element_type=\"widget\" data-e-type=\"widget\" data-settings=\"{&quot;autoplay_speed&quot;:6000,&quot;transition&quot;:&quot;fade&quot;,&quot;transition_speed&quot;:750,&quot;navigation&quot;:&quot;both&quot;,&quot;autoplay&quot;:&quot;yes&quot;,&quot;pause_on_hover&quot;:&quot;yes&quot;,&quot;pause_on_interaction&quot;:&quot;yes&quot;,&quot;infinite&quot;:&quot;yes&quot;}\" data-widget_type=\"slides.default\">\n\t\t\t\t<div class=\"elementor-widget-container\">\n\t\t\t\t\t\t\t\t\t<div class=\"elementor-swiper\">\n\t\t\t\t\t<div class=\"elementor-slides-wrapper elementor-main-swiper swiper\" role=\"region\" aria-roledescription=\"carousel\" aria-label=\"Slides\" dir=\"ltr\" data-animation=\"fadeInUp\">\n\t\t\t\t<div class=\"swiper-wrapper elementor-slides\">\n\t\t\t\t\t\t\t\t\t\t<div class=\"elementor-repeater-item-091c8ee swiper-slide\" role=\"group\" aria-roledescription=\"slide\"><div class=\"swiper-slide-bg\" role=\"img\" aria-label=\"Background\"><\/div><div class=\"swiper-slide-inner\" ><div class=\"swiper-slide-contents\"><div class=\"elementor-slide-heading\">Expertise in<\/div><div class=\"elementor-slide-description\">Valve Performance Testing &amp; Certification<\/div><\/div><\/div><\/div>\t\t\t\t<\/div>\n\t\t\t\t\t\t\t<\/div>\n\t\t\t\t<\/div>\n\t\t\t\t\t\t\t\t<\/div>\n\t\t\t\t<\/div>\n\t\t\t\t<\/div>\n\t\t\t\t<\/div>\n\t\t<div class=\"elementor-element elementor-element-f3e3acb e-flex e-con-boxed e-con e-parent\" data-id=\"f3e3acb\" data-element_type=\"container\" data-e-type=\"container\">\n\t\t\t\t\t<div class=\"e-con-inner\">\n\t\t<div class=\"elementor-element elementor-element-64b48c5 e-con-full e-flex e-con e-child\" data-id=\"64b48c5\" data-element_type=\"container\" data-e-type=\"container\">\n\t\t\t\t<div class=\"elementor-element elementor-element-2837735 elementor-widget elementor-widget-image\" data-id=\"2837735\" data-element_type=\"widget\" data-e-type=\"widget\" data-widget_type=\"image.default\">\n\t\t\t\t<div class=\"elementor-widget-container\">\n\t\t\t\t\t\t\t\t\t\t\t\t\t\t\t<img fetchpriority=\"high\" decoding=\"async\" width=\"550\" height=\"440\" src=\"https:\/\/www.dhbvalves.com\/wp-content\/uploads\/nettoyage-a-loxygene.jpg\" class=\"attachment-large size-large wp-image-160\" alt=\"DHB Valves offre des services de nettoyage \u00e0 l\u2019oxyg\u00e8ne\" srcset=\"https:\/\/www.dhbvalves.com\/wp-content\/uploads\/nettoyage-a-loxygene.jpg 550w, https:\/\/www.dhbvalves.com\/wp-content\/uploads\/nettoyage-a-loxygene-300x240.jpg 300w, https:\/\/www.dhbvalves.com\/wp-content\/uploads\/nettoyage-a-loxygene-15x12.jpg 15w\" sizes=\"(max-width: 550px) 100vw, 550px\" \/>\t\t\t\t\t\t\t\t\t\t\t\t\t\t\t<\/div>\n\t\t\t\t<\/div>\n\t\t\t\t<\/div>\n\t\t<div class=\"elementor-element elementor-element-abba8c7 e-con-full e-flex e-con e-child\" data-id=\"abba8c7\" data-element_type=\"container\" data-e-type=\"container\">\n\t\t\t\t<div class=\"elementor-element elementor-element-7598437 elementor-widget elementor-widget-text-editor\" data-id=\"7598437\" data-element_type=\"widget\" data-e-type=\"widget\" data-widget_type=\"text-editor.default\">\n\t\t\t\t<div class=\"elementor-widget-container\">\n\t\t\t\t\t\t\t\t\t<h6>We know how important it is for you to meet standards and we\u2019re not going to shy away from any challenge concerning them. That\u2019s why every single valve that leaves the facility comes with a COC (Certificate of Conformity). This means it has a tag that says it was tested to your specified requirements.<\/h6>\t\t\t\t\t\t\t\t<\/div>\n\t\t\t\t<\/div>\n\t\t\t\t<div class=\"elementor-element elementor-element-dd12d7c elementor-widget elementor-widget-text-editor\" data-id=\"dd12d7c\" data-element_type=\"widget\" data-e-type=\"widget\" data-widget_type=\"text-editor.default\">\n\t\t\t\t<div class=\"elementor-widget-container\">\n\t\t\t\t\t\t\t\t\t<p><span style=\"color: var( --e-global-color-text ); text-align: var(--text-align);\">Pour soupapes de s\u00fbret\u00e9 DHB Valves poss\u00e8de les installations suivantes\u00a0:<\/span><\/p>\t\t\t\t\t\t\t\t<\/div>\n\t\t\t\t<\/div>\n\t\t\t\t<div class=\"elementor-element elementor-element-198b4e1 elementor-widget elementor-widget-text-editor\" data-id=\"198b4e1\" data-element_type=\"widget\" data-e-type=\"widget\" data-widget_type=\"text-editor.default\">\n\t\t\t\t<div class=\"elementor-widget-container\">\n\t\t\t\t\t\t\t\t\t<ul><li>Steam with orifices up to 8\u201d and set pressures up to 570 PSIG and temperatures up to 234\u00b0C<\/li><li>Air\/Gas with orifices up to 8\u201d and set pressures\nup to 7000 PSIG<\/li><li>Liquid with orifices up to 8\u201d and set pressures up to 8000 PSIG<\/li><\/ul>\t\t\t\t\t\t\t\t<\/div>\n\t\t\t\t<\/div>\n\t\t\t\t<\/div>\n\t\t\t\t\t<\/div>\n\t\t\t\t<\/div>\n\t\t<div class=\"elementor-element elementor-element-f3caec5 e-flex e-con-boxed e-con e-parent\" data-id=\"f3caec5\" data-element_type=\"container\" data-e-type=\"container\">\n\t\t\t\t\t<div class=\"e-con-inner\">\n\t\t\t\t<div class=\"elementor-element elementor-element-4a6451e elementor-widget elementor-widget-shortcode\" data-id=\"4a6451e\" data-element_type=\"widget\" data-e-type=\"widget\" data-widget_type=\"shortcode.default\">\n\t\t\t\t<div class=\"elementor-widget-container\">\n\t\t\t\t\t\t\t<div class=\"elementor-shortcode\">\t\t<div data-elementor-type=\"container\" data-elementor-id=\"163\" class=\"elementor elementor-163\" data-elementor-post-type=\"elementor_library\">\n\t\t\t\t<div class=\"elementor-element elementor-element-14a205f e-flex e-con-boxed e-con e-parent\" data-id=\"14a205f\" data-element_type=\"container\" data-e-type=\"container\">\n\t\t\t\t\t<div class=\"e-con-inner\">\n\t\t\t\t<div class=\"elementor-element elementor-element-687a386 elementor-widget elementor-widget-heading\" data-id=\"687a386\" data-element_type=\"widget\" data-e-type=\"widget\" data-widget_type=\"heading.default\">\n\t\t\t\t<div class=\"elementor-widget-container\">\n\t\t\t\t\t<h3 class=\"elementor-heading-title elementor-size-default\">We adhere to the following organizations\u2019 standards and recommendations:<\/h3>\t\t\t\t<\/div>\n\t\t\t\t<\/div>\n\t\t\t\t\t<\/div>\n\t\t\t\t<\/div>\n\t\t<div class=\"elementor-element elementor-element-e726bc3 e-flex e-con-boxed e-con e-parent\" data-id=\"e726bc3\" data-element_type=\"container\" data-e-type=\"container\">\n\t\t\t\t\t<div class=\"e-con-inner\">\n\t\t<div class=\"elementor-element elementor-element-6a5a630 e-con-full e-flex e-con e-child\" data-id=\"6a5a630\" data-element_type=\"container\" data-e-type=\"container\">\n\t\t\t\t<div class=\"elementor-element elementor-element-ef0c3d9 elementor-widget elementor-widget-image\" data-id=\"ef0c3d9\" data-element_type=\"widget\" data-e-type=\"widget\" data-widget_type=\"image.default\">\n\t\t\t\t<div class=\"elementor-widget-container\">\n\t\t\t\t\t\t\t\t\t\t\t\t\t\t\t<img decoding=\"async\" width=\"582\" height=\"106\" src=\"https:\/\/www.dhbvalves.com\/wp-content\/uploads\/Standards-1.png\" class=\"attachment-large size-large wp-image-201\" alt=\"DHB \u2014 Des organisations de normes et recommandations: American Society+of Mechanical Engineers (ASME), ABS Service Supplier, Compressed Gas Association (CGA), DNV \u2014 Certified Maritime Service Supplier\" srcset=\"https:\/\/www.dhbvalves.com\/wp-content\/uploads\/Standards-1.png 582w, https:\/\/www.dhbvalves.com\/wp-content\/uploads\/Standards-1-300x55.png 300w, https:\/\/www.dhbvalves.com\/wp-content\/uploads\/Standards-1-18x3.png 18w\" sizes=\"(max-width: 582px) 100vw, 582px\" \/>\t\t\t\t\t\t\t\t\t\t\t\t\t\t\t<\/div>\n\t\t\t\t<\/div>\n\t\t\t\t<\/div>\n\t\t<div class=\"elementor-element elementor-element-52cb21b e-con-full e-flex e-con e-child\" data-id=\"52cb21b\" data-element_type=\"container\" data-e-type=\"container\">\n\t\t\t\t<div class=\"elementor-element elementor-element-77e9424 elementor-widget elementor-widget-image\" data-id=\"77e9424\" data-element_type=\"widget\" data-e-type=\"widget\" data-widget_type=\"image.default\">\n\t\t\t\t<div class=\"elementor-widget-container\">\n\t\t\t\t\t\t\t\t\t\t\t\t\t\t\t<img decoding=\"async\" width=\"635\" height=\"106\" src=\"https:\/\/www.dhbvalves.com\/wp-content\/uploads\/Standards-2.png\" class=\"attachment-large size-large wp-image-202\" alt=\"DHB \u2014 Des organisations de normes et recommandations: Bureau Veritas, American Petroleum Institute (API), Lloyd&#039;s Register \u2014 Approved Service Supplier, NBBI \u2014 The National Board of Boiler and Pressure Vessel Inspectors, The National Board \u2014 VR Certificate of Authorization\" srcset=\"https:\/\/www.dhbvalves.com\/wp-content\/uploads\/Standards-2.png 635w, https:\/\/www.dhbvalves.com\/wp-content\/uploads\/Standards-2-300x50.png 300w, https:\/\/www.dhbvalves.com\/wp-content\/uploads\/Standards-2-18x3.png 18w\" sizes=\"(max-width: 635px) 100vw, 635px\" \/>\t\t\t\t\t\t\t\t\t\t\t\t\t\t\t<\/div>\n\t\t\t\t<\/div>\n\t\t\t\t<\/div>\n\t\t\t\t\t<\/div>\n\t\t\t\t<\/div>\n\t\t\t\t<\/div>\n\t\t<\/div>\n\t\t\t\t\t\t<\/div>\n\t\t\t\t<\/div>\n\t\t\t\t\t<\/div>\n\t\t\t\t<\/div>\n\t\t\t\t<\/div>","protected":false},"excerpt":{"rendered":"<p>Les ExpertsTest et certification des performances des vannes Nous savons \u00e0 quel point il est important pour vous de respecter les normes et nous ne reculerons devant aucun d\u00e9fi les concernant. C\u2019est pourquoi chaque vanne qui quitte DHB est livr\u00e9e avec un certificat de conformit\u00e9. Ceci signifie que la vanne quittera nos installations avec une [&hellip;]<\/p>\n","protected":false},"author":1,"featured_media":0,"parent":148,"menu_order":0,"comment_status":"closed","ping_status":"closed","template":"","meta":{"inline_featured_image":false,"footnotes":""},"class_list":["post-145","page","type-page","status-publish","hentry"],"yoast_head":"<!-- This site is optimized with the Yoast SEO plugin v27.5 - https:\/\/yoast.com\/product\/yoast-seo-wordpress\/ -->\n<title>Test et certification des performances des vannes - DHB Valves<\/title>\n<meta name=\"robots\" content=\"index, follow, max-snippet:-1, max-image-preview:large, max-video-preview:-1\" \/>\n<link rel=\"canonical\" href=\"https:\/\/www.dhbvalves.com\/en\/service\/test-et-certification-des-performances-des-vannes\/\" \/>\n<meta property=\"og:locale\" content=\"en_US\" \/>\n<meta property=\"og:type\" content=\"article\" \/>\n<meta property=\"og:title\" content=\"Test et certification des performances des vannes - DHB Valves\" \/>\n<meta property=\"og:description\" content=\"Les ExpertsTest et certification des performances des vannes Nous savons \u00e0 quel point il est important pour vous de respecter les normes et nous ne reculerons devant aucun d\u00e9fi les concernant. C\u2019est pourquoi chaque vanne qui quitte DHB est livr\u00e9e avec un certificat de conformit\u00e9. Ceci signifie que la vanne quittera nos installations avec une [&hellip;]\" \/>\n<meta property=\"og:url\" content=\"https:\/\/www.dhbvalves.com\/en\/service\/test-et-certification-des-performances-des-vannes\/\" \/>\n<meta property=\"og:site_name\" content=\"DHB Valves\" \/>\n<meta property=\"article:modified_time\" content=\"2025-09-04T19:22:04+00:00\" \/>\n<meta property=\"og:image\" content=\"https:\/\/www.dhbvalves.com\/wp-content\/uploads\/nettoyage-a-loxygene.jpg\" \/>\n\t<meta property=\"og:image:width\" content=\"550\" \/>\n\t<meta property=\"og:image:height\" content=\"440\" \/>\n\t<meta property=\"og:image:type\" content=\"image\/jpeg\" \/>\n<meta name=\"twitter:card\" content=\"summary_large_image\" \/>\n<meta name=\"twitter:label1\" content=\"Est. reading time\" \/>\n\t<meta name=\"twitter:data1\" content=\"2 minutes\" \/>\n<script type=\"application\/ld+json\" class=\"yoast-schema-graph\">{\"@context\":\"https:\\\/\\\/schema.org\",\"@graph\":[{\"@type\":\"WebPage\",\"@id\":\"https:\\\/\\\/www.dhbvalves.com\\\/service\\\/test-et-certification-des-performances-des-vannes\\\/\",\"url\":\"https:\\\/\\\/www.dhbvalves.com\\\/service\\\/test-et-certification-des-performances-des-vannes\\\/\",\"name\":\"Test et certification des performances des vannes - DHB Valves\",\"isPartOf\":{\"@id\":\"https:\\\/\\\/www.dhbvalves.com\\\/#website\"},\"primaryImageOfPage\":{\"@id\":\"https:\\\/\\\/www.dhbvalves.com\\\/service\\\/test-et-certification-des-performances-des-vannes\\\/#primaryimage\"},\"image\":{\"@id\":\"https:\\\/\\\/www.dhbvalves.com\\\/service\\\/test-et-certification-des-performances-des-vannes\\\/#primaryimage\"},\"thumbnailUrl\":\"https:\\\/\\\/www.dhbvalves.com\\\/wp-content\\\/uploads\\\/nettoyage-a-loxygene.jpg\",\"datePublished\":\"2023-11-30T22:22:31+00:00\",\"dateModified\":\"2025-09-04T19:22:04+00:00\",\"breadcrumb\":{\"@id\":\"https:\\\/\\\/www.dhbvalves.com\\\/service\\\/test-et-certification-des-performances-des-vannes\\\/#breadcrumb\"},\"inLanguage\":\"en-CA\",\"potentialAction\":[{\"@type\":\"ReadAction\",\"target\":[\"https:\\\/\\\/www.dhbvalves.com\\\/service\\\/test-et-certification-des-performances-des-vannes\\\/\"]}]},{\"@type\":\"ImageObject\",\"inLanguage\":\"en-CA\",\"@id\":\"https:\\\/\\\/www.dhbvalves.com\\\/service\\\/test-et-certification-des-performances-des-vannes\\\/#primaryimage\",\"url\":\"https:\\\/\\\/www.dhbvalves.com\\\/wp-content\\\/uploads\\\/nettoyage-a-loxygene.jpg\",\"contentUrl\":\"https:\\\/\\\/www.dhbvalves.com\\\/wp-content\\\/uploads\\\/nettoyage-a-loxygene.jpg\"},{\"@type\":\"BreadcrumbList\",\"@id\":\"https:\\\/\\\/www.dhbvalves.com\\\/service\\\/test-et-certification-des-performances-des-vannes\\\/#breadcrumb\",\"itemListElement\":[{\"@type\":\"ListItem\",\"position\":1,\"name\":\"Home\",\"item\":\"https:\\\/\\\/www.dhbvalves.com\\\/\"},{\"@type\":\"ListItem\",\"position\":2,\"name\":\"Service\",\"item\":\"https:\\\/\\\/www.dhbvalves.com\\\/service\\\/\"},{\"@type\":\"ListItem\",\"position\":3,\"name\":\"Test et certification des performances des vannes\"}]},{\"@type\":\"WebSite\",\"@id\":\"https:\\\/\\\/www.dhbvalves.com\\\/#website\",\"url\":\"https:\\\/\\\/www.dhbvalves.com\\\/\",\"name\":\"DHB Valves\",\"description\":\"Sp\u00e9cialiste en r\u00e9paration et vente de vannes industrielles et marine\",\"publisher\":{\"@id\":\"https:\\\/\\\/www.dhbvalves.com\\\/#organization\"},\"potentialAction\":[{\"@type\":\"SearchAction\",\"target\":{\"@type\":\"EntryPoint\",\"urlTemplate\":\"https:\\\/\\\/www.dhbvalves.com\\\/?s={search_term_string}\"},\"query-input\":{\"@type\":\"PropertyValueSpecification\",\"valueRequired\":true,\"valueName\":\"search_term_string\"}}],\"inLanguage\":\"en-CA\"},{\"@type\":\"Organization\",\"@id\":\"https:\\\/\\\/www.dhbvalves.com\\\/#organization\",\"name\":\"DHB Valves\",\"url\":\"https:\\\/\\\/www.dhbvalves.com\\\/\",\"logo\":{\"@type\":\"ImageObject\",\"inLanguage\":\"en-CA\",\"@id\":\"https:\\\/\\\/www.dhbvalves.com\\\/#\\\/schema\\\/logo\\\/image\\\/\",\"url\":\"https:\\\/\\\/www.dhbvalves.com\\\/wp-content\\\/uploads\\\/DHB.png\",\"contentUrl\":\"https:\\\/\\\/www.dhbvalves.com\\\/wp-content\\\/uploads\\\/DHB.png\",\"width\":700,\"height\":700,\"caption\":\"DHB Valves\"},\"image\":{\"@id\":\"https:\\\/\\\/www.dhbvalves.com\\\/#\\\/schema\\\/logo\\\/image\\\/\"}}]}<\/script>\n<!-- \/ Yoast SEO plugin. -->","yoast_head_json":{"title":"Test et certification des performances des vannes - DHB Valves","robots":{"index":"index","follow":"follow","max-snippet":"max-snippet:-1","max-image-preview":"max-image-preview:large","max-video-preview":"max-video-preview:-1"},"canonical":"https:\/\/www.dhbvalves.com\/en\/service\/test-et-certification-des-performances-des-vannes\/","og_locale":"en_US","og_type":"article","og_title":"Test et certification des performances des vannes - DHB Valves","og_description":"Les ExpertsTest et certification des performances des vannes Nous savons \u00e0 quel point il est important pour vous de respecter les normes et nous ne reculerons devant aucun d\u00e9fi les concernant. C\u2019est pourquoi chaque vanne qui quitte DHB est livr\u00e9e avec un certificat de conformit\u00e9. Ceci signifie que la vanne quittera nos installations avec une [&hellip;]","og_url":"https:\/\/www.dhbvalves.com\/en\/service\/test-et-certification-des-performances-des-vannes\/","og_site_name":"DHB Valves","article_modified_time":"2025-09-04T19:22:04+00:00","og_image":[{"width":550,"height":440,"url":"https:\/\/www.dhbvalves.com\/wp-content\/uploads\/nettoyage-a-loxygene.jpg","type":"image\/jpeg"}],"twitter_card":"summary_large_image","twitter_misc":{"Est. reading time":"2 minutes"},"schema":{"@context":"https:\/\/schema.org","@graph":[{"@type":"WebPage","@id":"https:\/\/www.dhbvalves.com\/service\/test-et-certification-des-performances-des-vannes\/","url":"https:\/\/www.dhbvalves.com\/service\/test-et-certification-des-performances-des-vannes\/","name":"Test et certification des performances des vannes - DHB Valves","isPartOf":{"@id":"https:\/\/www.dhbvalves.com\/#website"},"primaryImageOfPage":{"@id":"https:\/\/www.dhbvalves.com\/service\/test-et-certification-des-performances-des-vannes\/#primaryimage"},"image":{"@id":"https:\/\/www.dhbvalves.com\/service\/test-et-certification-des-performances-des-vannes\/#primaryimage"},"thumbnailUrl":"https:\/\/www.dhbvalves.com\/wp-content\/uploads\/nettoyage-a-loxygene.jpg","datePublished":"2023-11-30T22:22:31+00:00","dateModified":"2025-09-04T19:22:04+00:00","breadcrumb":{"@id":"https:\/\/www.dhbvalves.com\/service\/test-et-certification-des-performances-des-vannes\/#breadcrumb"},"inLanguage":"en-CA","potentialAction":[{"@type":"ReadAction","target":["https:\/\/www.dhbvalves.com\/service\/test-et-certification-des-performances-des-vannes\/"]}]},{"@type":"ImageObject","inLanguage":"en-CA","@id":"https:\/\/www.dhbvalves.com\/service\/test-et-certification-des-performances-des-vannes\/#primaryimage","url":"https:\/\/www.dhbvalves.com\/wp-content\/uploads\/nettoyage-a-loxygene.jpg","contentUrl":"https:\/\/www.dhbvalves.com\/wp-content\/uploads\/nettoyage-a-loxygene.jpg"},{"@type":"BreadcrumbList","@id":"https:\/\/www.dhbvalves.com\/service\/test-et-certification-des-performances-des-vannes\/#breadcrumb","itemListElement":[{"@type":"ListItem","position":1,"name":"Home","item":"https:\/\/www.dhbvalves.com\/"},{"@type":"ListItem","position":2,"name":"Service","item":"https:\/\/www.dhbvalves.com\/service\/"},{"@type":"ListItem","position":3,"name":"Test et certification des performances des vannes"}]},{"@type":"WebSite","@id":"https:\/\/www.dhbvalves.com\/#website","url":"https:\/\/www.dhbvalves.com\/","name":"DHB Valves","description":"Industrial &amp; Marine Valves<br>SERVICE &amp; SALES SPECIALISTS","publisher":{"@id":"https:\/\/www.dhbvalves.com\/#organization"},"potentialAction":[{"@type":"SearchAction","target":{"@type":"EntryPoint","urlTemplate":"https:\/\/www.dhbvalves.com\/?s={search_term_string}"},"query-input":{"@type":"PropertyValueSpecification","valueRequired":true,"valueName":"search_term_string"}}],"inLanguage":"en-CA"},{"@type":"Organization","@id":"https:\/\/www.dhbvalves.com\/#organization","name":"DHB Valves","url":"https:\/\/www.dhbvalves.com\/","logo":{"@type":"ImageObject","inLanguage":"en-CA","@id":"https:\/\/www.dhbvalves.com\/#\/schema\/logo\/image\/","url":"https:\/\/www.dhbvalves.com\/wp-content\/uploads\/DHB.png","contentUrl":"https:\/\/www.dhbvalves.com\/wp-content\/uploads\/DHB.png","width":700,"height":700,"caption":"DHB Valves"},"image":{"@id":"https:\/\/www.dhbvalves.com\/#\/schema\/logo\/image\/"}}]}},"_links":{"self":[{"href":"https:\/\/www.dhbvalves.com\/en\/wp-json\/wp\/v2\/pages\/145","targetHints":{"allow":["GET"]}}],"collection":[{"href":"https:\/\/www.dhbvalves.com\/en\/wp-json\/wp\/v2\/pages"}],"about":[{"href":"https:\/\/www.dhbvalves.com\/en\/wp-json\/wp\/v2\/types\/page"}],"author":[{"embeddable":true,"href":"https:\/\/www.dhbvalves.com\/en\/wp-json\/wp\/v2\/users\/1"}],"replies":[{"embeddable":true,"href":"https:\/\/www.dhbvalves.com\/en\/wp-json\/wp\/v2\/comments?post=145"}],"version-history":[{"count":0,"href":"https:\/\/www.dhbvalves.com\/en\/wp-json\/wp\/v2\/pages\/145\/revisions"}],"up":[{"embeddable":true,"href":"https:\/\/www.dhbvalves.com\/en\/wp-json\/wp\/v2\/pages\/148"}],"wp:attachment":[{"href":"https:\/\/www.dhbvalves.com\/en\/wp-json\/wp\/v2\/media?parent=145"}],"curies":[{"name":"wp","href":"https:\/\/api.w.org\/{rel}","templated":true}]}}