{"id":147,"date":"2023-11-30T22:25:31","date_gmt":"2023-11-30T22:25:31","guid":{"rendered":"https:\/\/www.dhbvalves.com\/?page_id=147"},"modified":"2025-05-29T16:47:52","modified_gmt":"2025-05-29T16:47:52","slug":"reparation-et-remise-a-neuf-de-vannes","status":"publish","type":"page","link":"https:\/\/www.dhbvalves.com\/en\/service\/reparation-et-remise-a-neuf-de-vannes\/","title":{"rendered":"Valve Repair &amp; Refurbishing"},"content":{"rendered":"<div data-elementor-type=\"wp-page\" data-elementor-id=\"147\" class=\"elementor elementor-147\" data-elementor-post-type=\"page\">\n\t\t\t\t<div class=\"elementor-element elementor-element-8f1a196 e-con-full e-flex e-con e-parent\" data-id=\"8f1a196\" data-element_type=\"container\" data-e-type=\"container\">\n\t\t<div class=\"elementor-element elementor-element-8d19db4 e-con-full e-flex e-con e-child\" data-id=\"8d19db4\" data-element_type=\"container\" data-e-type=\"container\">\n\t\t\t\t<div class=\"elementor-element elementor-element-74b7117 elementor--h-position-center elementor--v-position-middle elementor-arrows-position-inside elementor-pagination-position-inside elementor-widget elementor-widget-slides\" data-id=\"74b7117\" data-element_type=\"widget\" data-e-type=\"widget\" data-settings=\"{&quot;autoplay_speed&quot;:6000,&quot;transition&quot;:&quot;fade&quot;,&quot;transition_speed&quot;:750,&quot;navigation&quot;:&quot;both&quot;,&quot;autoplay&quot;:&quot;yes&quot;,&quot;pause_on_hover&quot;:&quot;yes&quot;,&quot;pause_on_interaction&quot;:&quot;yes&quot;,&quot;infinite&quot;:&quot;yes&quot;}\" data-widget_type=\"slides.default\">\n\t\t\t\t<div class=\"elementor-widget-container\">\n\t\t\t\t\t\t\t\t\t<div class=\"elementor-swiper\">\n\t\t\t\t\t<div class=\"elementor-slides-wrapper elementor-main-swiper swiper\" role=\"region\" aria-roledescription=\"carousel\" aria-label=\"Slides\" dir=\"ltr\" data-animation=\"fadeInUp\">\n\t\t\t\t<div class=\"swiper-wrapper elementor-slides\">\n\t\t\t\t\t\t\t\t\t\t<div class=\"elementor-repeater-item-091c8ee swiper-slide\" role=\"group\" aria-roledescription=\"slide\"><div class=\"swiper-slide-bg\" role=\"img\" aria-label=\"Background\"><\/div><div class=\"swiper-slide-inner\" ><div class=\"swiper-slide-contents\"><div class=\"elementor-slide-heading\">Expertise in<\/div><div class=\"elementor-slide-description\">Valve Repair &amp; Refurbishing<\/div><\/div><\/div><\/div>\t\t\t\t<\/div>\n\t\t\t\t\t\t\t<\/div>\n\t\t\t\t<\/div>\n\t\t\t\t\t\t\t\t<\/div>\n\t\t\t\t<\/div>\n\t\t\t\t<\/div>\n\t\t\t\t<\/div>\n\t\t<div class=\"elementor-element elementor-element-f3e3acb e-flex e-con-boxed e-con e-parent\" data-id=\"f3e3acb\" data-element_type=\"container\" data-e-type=\"container\">\n\t\t\t\t\t<div class=\"e-con-inner\">\n\t\t<div class=\"elementor-element elementor-element-64b48c5 e-con-full e-flex e-con e-child\" data-id=\"64b48c5\" data-element_type=\"container\" data-e-type=\"container\">\n\t\t\t\t<div class=\"elementor-element elementor-element-2837735 elementor-widget elementor-widget-image\" data-id=\"2837735\" data-element_type=\"widget\" data-e-type=\"widget\" data-widget_type=\"image.default\">\n\t\t\t\t<div class=\"elementor-widget-container\">\n\t\t\t\t\t\t\t\t\t\t\t\t\t\t\t<img fetchpriority=\"high\" decoding=\"async\" width=\"700\" height=\"783\" src=\"https:\/\/www.dhbvalves.com\/wp-content\/uploads\/DHB-Valves_repair-refurbishing_before-after.jpg\" class=\"attachment-large size-large wp-image-157\" alt=\"DHB Valves \u2014 Valve Repairs and Refurbishing\" srcset=\"https:\/\/www.dhbvalves.com\/wp-content\/uploads\/DHB-Valves_repair-refurbishing_before-after.jpg 700w, https:\/\/www.dhbvalves.com\/wp-content\/uploads\/DHB-Valves_repair-refurbishing_before-after-268x300.jpg 268w, https:\/\/www.dhbvalves.com\/wp-content\/uploads\/DHB-Valves_repair-refurbishing_before-after-11x12.jpg 11w\" sizes=\"(max-width: 700px) 100vw, 700px\" \/>\t\t\t\t\t\t\t\t\t\t\t\t\t\t\t<\/div>\n\t\t\t\t<\/div>\n\t\t\t\t<\/div>\n\t\t<div class=\"elementor-element elementor-element-abba8c7 e-con-full e-flex e-con e-child\" data-id=\"abba8c7\" data-element_type=\"container\" data-e-type=\"container\">\n\t\t\t\t<div class=\"elementor-element elementor-element-7598437 elementor-widget elementor-widget-text-editor\" data-id=\"7598437\" data-element_type=\"widget\" data-e-type=\"widget\" data-widget_type=\"text-editor.default\">\n\t\t\t\t<div class=\"elementor-widget-container\">\n\t\t\t\t\t\t\t\t\t<p>At DHB Valves, we offer the entire range of valve repair services from simple repairs to total refurbishment. Each situation is unique; however our general process follows these steps:<\/p>\t\t\t\t\t\t\t\t<\/div>\n\t\t\t\t<\/div>\n\t\t\t\t<div class=\"elementor-element elementor-element-dd12d7c elementor-widget elementor-widget-text-editor\" data-id=\"dd12d7c\" data-element_type=\"widget\" data-e-type=\"widget\" data-widget_type=\"text-editor.default\">\n\t\t\t\t<div class=\"elementor-widget-container\">\n\t\t\t\t\t\t\t\t\t<ol>\n \t<li>\n<h5>General Inspection:<\/h5>\nThe valve is received and inspected at a high level.<\/li>\n \t<li>\n<h5>Dismantling and Cleaning:<\/h5>\nThe valve is taken apart and each part is thoroughly cleaned.<\/li>\n \t<li>\n<h5>Re-Inspection:<\/h5>\nThe individual pieces are inspected in detail.<\/li>\n \t<li>\n<h5>Repairing or Replacing:<\/h5>\nDepending on the level of wear, parts are lapped and machined or completely replaced.<\/li>\n \t<li>\n<h5>Assembling and Testing:<\/h5>\nValve is reassembled and tested to meet appropriate standards.<\/li>\n \t<li>\n<h5>Finishing:<\/h5>\nThe valve is painted, finalized and tagged with a seal. A certificate of conformity is provided.<\/li>\n<\/ol>\t\t\t\t\t\t\t\t<\/div>\n\t\t\t\t<\/div>\n\t\t\t\t<\/div>\n\t\t\t\t\t<\/div>\n\t\t\t\t<\/div>\n\t\t<div class=\"elementor-element elementor-element-963007e e-con-full e-flex e-con e-parent\" data-id=\"963007e\" data-element_type=\"container\" data-e-type=\"container\">\n\t\t\t\t<div class=\"elementor-element elementor-element-f7f1e80 elementor-widget elementor-widget-shortcode\" data-id=\"f7f1e80\" data-element_type=\"widget\" data-e-type=\"widget\" data-widget_type=\"shortcode.default\">\n\t\t\t\t<div class=\"elementor-widget-container\">\n\t\t\t\t\t\t\t<div class=\"elementor-shortcode\">\t\t<div data-elementor-type=\"container\" data-elementor-id=\"128\" class=\"elementor elementor-128\" data-elementor-post-type=\"elementor_library\">\n\t\t\t\t<div class=\"elementor-element elementor-element-2d340a3a e-flex e-con-boxed e-con e-parent\" data-id=\"2d340a3a\" data-element_type=\"container\" data-e-type=\"container\" data-settings=\"{&quot;background_background&quot;:&quot;classic&quot;}\">\n\t\t\t\t\t<div class=\"e-con-inner\">\n\t\t<div class=\"elementor-element elementor-element-ee26fe4 e-con-full e-flex e-con e-child\" data-id=\"ee26fe4\" data-element_type=\"container\" data-e-type=\"container\">\n\t\t\t\t<div class=\"elementor-element elementor-element-5ad4b2c5 elementor-widget elementor-widget-image\" data-id=\"5ad4b2c5\" data-element_type=\"widget\" data-e-type=\"widget\" data-widget_type=\"image.default\">\n\t\t\t\t<div class=\"elementor-widget-container\">\n\t\t\t\t\t\t\t\t\t\t\t\t\t\t\t<img decoding=\"async\" width=\"1\" height=\"1\" src=\"https:\/\/www.dhbvalves.com\/wp-content\/uploads\/2023\/11\/Farris-Engineering.svg\" class=\"attachment-large size-large wp-image-95\" alt=\"DHB Valves \u2014 Official Farris Valves Distributor in Qu\u00e9bec\" \/>\t\t\t\t\t\t\t\t\t\t\t\t\t\t\t<\/div>\n\t\t\t\t<\/div>\n\t\t\t\t<div class=\"elementor-element elementor-element-66e64670 elementor-widget elementor-widget-text-editor\" data-id=\"66e64670\" data-element_type=\"widget\" data-e-type=\"widget\" data-widget_type=\"text-editor.default\">\n\t\t\t\t<div class=\"elementor-widget-container\">\n\t\t\t\t\t\t\t\t\tAuthorized Farris Engineering Pressure Relief Valve Assembler and Repair Centre\t\t\t\t\t\t\t\t<\/div>\n\t\t\t\t<\/div>\n\t\t\t\t<\/div>\n\t\t<div class=\"elementor-element elementor-element-7745293e e-con-full e-flex e-con e-child\" data-id=\"7745293e\" data-element_type=\"container\" data-e-type=\"container\">\n\t\t\t\t<div class=\"elementor-element elementor-element-58083223 elementor-widget__width-initial elementor-widget elementor-widget-image\" data-id=\"58083223\" data-element_type=\"widget\" data-e-type=\"widget\" data-widget_type=\"image.default\">\n\t\t\t\t<div class=\"elementor-widget-container\">\n\t\t\t\t\t\t\t\t\t\t\t\t\t\t\t<img decoding=\"async\" width=\"1\" height=\"1\" src=\"https:\/\/www.dhbvalves.com\/wp-content\/uploads\/2023\/11\/VR_white.svg\" class=\"attachment-large size-large wp-image-96\" alt=\"DHB Valves: Centre de r\u00e9paration de soupape de s\u00fbret\u00e9 VR agr\u00e9\u00e9 par le National Board\" \/>\t\t\t\t\t\t\t\t\t\t\t\t\t\t\t<\/div>\n\t\t\t\t<\/div>\n\t\t\t\t<div class=\"elementor-element elementor-element-3cfc13ac elementor-widget elementor-widget-text-editor\" data-id=\"3cfc13ac\" data-element_type=\"widget\" data-e-type=\"widget\" data-widget_type=\"text-editor.default\">\n\t\t\t\t<div class=\"elementor-widget-container\">\n\t\t\t\t\t\t\t\t\tAuthorized National Board VR Pressure Relief Valve Repair Center\t\t\t\t\t\t\t\t<\/div>\n\t\t\t\t<\/div>\n\t\t\t\t<\/div>\n\t\t<div class=\"elementor-element elementor-element-5517a120 e-con-full e-flex e-con e-child\" data-id=\"5517a120\" data-element_type=\"container\" data-e-type=\"container\">\n\t\t\t\t<div class=\"elementor-element elementor-element-22cb8600 elementor-widget elementor-widget-image\" data-id=\"22cb8600\" data-element_type=\"widget\" data-e-type=\"widget\" data-widget_type=\"image.default\">\n\t\t\t\t<div class=\"elementor-widget-container\">\n\t\t\t\t\t\t\t\t\t\t\t\t\t\t\t<img loading=\"lazy\" decoding=\"async\" width=\"1\" height=\"1\" src=\"https:\/\/www.dhbvalves.com\/wp-content\/uploads\/2023\/11\/ValvTechnologies-logo-stacked-white.svg\" class=\"attachment-large size-large wp-image-89\" alt=\"DHB Valves: Centre de r\u00e9paration certifi\u00e9 par ValvTechnologies\" \/>\t\t\t\t\t\t\t\t\t\t\t\t\t\t\t<\/div>\n\t\t\t\t<\/div>\n\t\t\t\t<div class=\"elementor-element elementor-element-549a2583 elementor-widget elementor-widget-text-editor\" data-id=\"549a2583\" data-element_type=\"widget\" data-e-type=\"widget\" data-widget_type=\"text-editor.default\">\n\t\t\t\t<div class=\"elementor-widget-container\">\n\t\t\t\t\t\t\t\t\t<p>Certified ValvTechnologies Repair Centre<\/p>\t\t\t\t\t\t\t\t<\/div>\n\t\t\t\t<\/div>\n\t\t\t\t<\/div>\n\t\t<div class=\"elementor-element elementor-element-30d62895 e-con-full e-flex e-con e-child\" data-id=\"30d62895\" data-element_type=\"container\" data-e-type=\"container\">\n\t\t\t\t<div class=\"elementor-element elementor-element-76349f50 elementor-widget__width-initial elementor-widget elementor-widget-image\" data-id=\"76349f50\" data-element_type=\"widget\" data-e-type=\"widget\" data-widget_type=\"image.default\">\n\t\t\t\t<div class=\"elementor-widget-container\">\n\t\t\t\t\t\t\t\t\t\t\t\t\t\t\t<img loading=\"lazy\" decoding=\"async\" width=\"800\" height=\"800\" src=\"https:\/\/www.dhbvalves.com\/wp-content\/uploads\/2023\/11\/Flowserve-Durco-logo_white-r2.svg\" class=\"attachment-large size-large wp-image-93\" alt=\"DHB Vavles: Centre de r\u00e9paration certifi\u00e9 pour les produits de Flowserve\" \/>\t\t\t\t\t\t\t\t\t\t\t\t\t\t\t<\/div>\n\t\t\t\t<\/div>\n\t\t\t\t<div class=\"elementor-element elementor-element-7393824d elementor-widget elementor-widget-text-editor\" data-id=\"7393824d\" data-element_type=\"widget\" data-e-type=\"widget\" data-widget_type=\"text-editor.default\">\n\t\t\t\t<div class=\"elementor-widget-container\">\n\t\t\t\t\t\t\t\t\t<p>Authorized Repair Centre <br>for Flowserve Products<\/p>\t\t\t\t\t\t\t\t<\/div>\n\t\t\t\t<\/div>\n\t\t\t\t<\/div>\n\t\t\t\t\t<\/div>\n\t\t\t\t<\/div>\n\t\t\t\t<\/div>\n\t\t<\/div>\n\t\t\t\t\t\t<\/div>\n\t\t\t\t<\/div>\n\t\t\t\t<\/div>\n\t\t\t\t<\/div>","protected":false},"excerpt":{"rendered":"<p>Les ExpertsR\u00e9paration et remise \u00e0 neuf de vannes Chez DHB Valves, nous offrons toute la gamme de services de r\u00e9paration de vannes, de la simple r\u00e9paration \u00e0 la remise \u00e0 neuf compl\u00e8te. Chaque situation est unique, mais notre processus g\u00e9n\u00e9ral suit ces \u00e9tapes : Inspection g\u00e9n\u00e9rale&nbsp;: La vanne est re\u00e7ue et inspect\u00e9e attentivement. D\u00e9montage et [&hellip;]<\/p>\n","protected":false},"author":1,"featured_media":0,"parent":148,"menu_order":0,"comment_status":"closed","ping_status":"closed","template":"","meta":{"inline_featured_image":false,"footnotes":""},"class_list":["post-147","page","type-page","status-publish","hentry"],"yoast_head":"<!-- This site is optimized with the Yoast SEO plugin v27.5 - https:\/\/yoast.com\/product\/yoast-seo-wordpress\/ -->\n<title>R\u00e9paration et remise \u00e0 neuf de vannes - DHB Valves<\/title>\n<meta name=\"robots\" content=\"index, follow, max-snippet:-1, max-image-preview:large, max-video-preview:-1\" \/>\n<link rel=\"canonical\" href=\"https:\/\/www.dhbvalves.com\/en\/service\/reparation-et-remise-a-neuf-de-vannes\/\" \/>\n<meta property=\"og:locale\" content=\"en_US\" \/>\n<meta property=\"og:type\" content=\"article\" \/>\n<meta property=\"og:title\" content=\"R\u00e9paration et remise \u00e0 neuf de vannes - DHB Valves\" \/>\n<meta property=\"og:description\" content=\"Les ExpertsR\u00e9paration et remise \u00e0 neuf de vannes Chez DHB Valves, nous offrons toute la gamme de services de r\u00e9paration de vannes, de la simple r\u00e9paration \u00e0 la remise \u00e0 neuf compl\u00e8te. Chaque situation est unique, mais notre processus g\u00e9n\u00e9ral suit ces \u00e9tapes : Inspection g\u00e9n\u00e9rale&nbsp;: La vanne est re\u00e7ue et inspect\u00e9e attentivement. D\u00e9montage et [&hellip;]\" \/>\n<meta property=\"og:url\" content=\"https:\/\/www.dhbvalves.com\/en\/service\/reparation-et-remise-a-neuf-de-vannes\/\" \/>\n<meta property=\"og:site_name\" content=\"DHB Valves\" \/>\n<meta property=\"article:modified_time\" content=\"2025-05-29T16:47:52+00:00\" \/>\n<meta property=\"og:image\" content=\"https:\/\/www.dhbvalves.com\/wp-content\/uploads\/DHB-Valves_repair-refurbishing_before-after.jpg\" \/>\n\t<meta property=\"og:image:width\" content=\"700\" \/>\n\t<meta property=\"og:image:height\" content=\"783\" \/>\n\t<meta property=\"og:image:type\" content=\"image\/jpeg\" \/>\n<meta name=\"twitter:card\" content=\"summary_large_image\" \/>\n<meta name=\"twitter:label1\" content=\"Est. reading time\" \/>\n\t<meta name=\"twitter:data1\" content=\"2 minutes\" \/>\n<script type=\"application\/ld+json\" class=\"yoast-schema-graph\">{\"@context\":\"https:\\\/\\\/schema.org\",\"@graph\":[{\"@type\":\"WebPage\",\"@id\":\"https:\\\/\\\/www.dhbvalves.com\\\/service\\\/reparation-et-remise-a-neuf-de-vannes\\\/\",\"url\":\"https:\\\/\\\/www.dhbvalves.com\\\/service\\\/reparation-et-remise-a-neuf-de-vannes\\\/\",\"name\":\"R\u00e9paration et remise \u00e0 neuf de vannes - DHB Valves\",\"isPartOf\":{\"@id\":\"https:\\\/\\\/www.dhbvalves.com\\\/#website\"},\"primaryImageOfPage\":{\"@id\":\"https:\\\/\\\/www.dhbvalves.com\\\/service\\\/reparation-et-remise-a-neuf-de-vannes\\\/#primaryimage\"},\"image\":{\"@id\":\"https:\\\/\\\/www.dhbvalves.com\\\/service\\\/reparation-et-remise-a-neuf-de-vannes\\\/#primaryimage\"},\"thumbnailUrl\":\"https:\\\/\\\/www.dhbvalves.com\\\/wp-content\\\/uploads\\\/DHB-Valves_repair-refurbishing_before-after.jpg\",\"datePublished\":\"2023-11-30T22:25:31+00:00\",\"dateModified\":\"2025-05-29T16:47:52+00:00\",\"breadcrumb\":{\"@id\":\"https:\\\/\\\/www.dhbvalves.com\\\/service\\\/reparation-et-remise-a-neuf-de-vannes\\\/#breadcrumb\"},\"inLanguage\":\"en-CA\",\"potentialAction\":[{\"@type\":\"ReadAction\",\"target\":[\"https:\\\/\\\/www.dhbvalves.com\\\/service\\\/reparation-et-remise-a-neuf-de-vannes\\\/\"]}]},{\"@type\":\"ImageObject\",\"inLanguage\":\"en-CA\",\"@id\":\"https:\\\/\\\/www.dhbvalves.com\\\/service\\\/reparation-et-remise-a-neuf-de-vannes\\\/#primaryimage\",\"url\":\"https:\\\/\\\/www.dhbvalves.com\\\/wp-content\\\/uploads\\\/DHB-Valves_repair-refurbishing_before-after.jpg\",\"contentUrl\":\"https:\\\/\\\/www.dhbvalves.com\\\/wp-content\\\/uploads\\\/DHB-Valves_repair-refurbishing_before-after.jpg\"},{\"@type\":\"BreadcrumbList\",\"@id\":\"https:\\\/\\\/www.dhbvalves.com\\\/service\\\/reparation-et-remise-a-neuf-de-vannes\\\/#breadcrumb\",\"itemListElement\":[{\"@type\":\"ListItem\",\"position\":1,\"name\":\"Home\",\"item\":\"https:\\\/\\\/www.dhbvalves.com\\\/\"},{\"@type\":\"ListItem\",\"position\":2,\"name\":\"Service\",\"item\":\"https:\\\/\\\/www.dhbvalves.com\\\/service\\\/\"},{\"@type\":\"ListItem\",\"position\":3,\"name\":\"R\u00e9paration et remise \u00e0 neuf de vannes\"}]},{\"@type\":\"WebSite\",\"@id\":\"https:\\\/\\\/www.dhbvalves.com\\\/#website\",\"url\":\"https:\\\/\\\/www.dhbvalves.com\\\/\",\"name\":\"DHB Valves\",\"description\":\"Sp\u00e9cialiste en r\u00e9paration et vente de vannes industrielles et marine\",\"publisher\":{\"@id\":\"https:\\\/\\\/www.dhbvalves.com\\\/#organization\"},\"potentialAction\":[{\"@type\":\"SearchAction\",\"target\":{\"@type\":\"EntryPoint\",\"urlTemplate\":\"https:\\\/\\\/www.dhbvalves.com\\\/?s={search_term_string}\"},\"query-input\":{\"@type\":\"PropertyValueSpecification\",\"valueRequired\":true,\"valueName\":\"search_term_string\"}}],\"inLanguage\":\"en-CA\"},{\"@type\":\"Organization\",\"@id\":\"https:\\\/\\\/www.dhbvalves.com\\\/#organization\",\"name\":\"DHB Valves\",\"url\":\"https:\\\/\\\/www.dhbvalves.com\\\/\",\"logo\":{\"@type\":\"ImageObject\",\"inLanguage\":\"en-CA\",\"@id\":\"https:\\\/\\\/www.dhbvalves.com\\\/#\\\/schema\\\/logo\\\/image\\\/\",\"url\":\"https:\\\/\\\/www.dhbvalves.com\\\/wp-content\\\/uploads\\\/DHB.png\",\"contentUrl\":\"https:\\\/\\\/www.dhbvalves.com\\\/wp-content\\\/uploads\\\/DHB.png\",\"width\":700,\"height\":700,\"caption\":\"DHB Valves\"},\"image\":{\"@id\":\"https:\\\/\\\/www.dhbvalves.com\\\/#\\\/schema\\\/logo\\\/image\\\/\"}}]}<\/script>\n<!-- \/ Yoast SEO plugin. -->","yoast_head_json":{"title":"R\u00e9paration et remise \u00e0 neuf de vannes - DHB Valves","robots":{"index":"index","follow":"follow","max-snippet":"max-snippet:-1","max-image-preview":"max-image-preview:large","max-video-preview":"max-video-preview:-1"},"canonical":"https:\/\/www.dhbvalves.com\/en\/service\/reparation-et-remise-a-neuf-de-vannes\/","og_locale":"en_US","og_type":"article","og_title":"R\u00e9paration et remise \u00e0 neuf de vannes - DHB Valves","og_description":"Les ExpertsR\u00e9paration et remise \u00e0 neuf de vannes Chez DHB Valves, nous offrons toute la gamme de services de r\u00e9paration de vannes, de la simple r\u00e9paration \u00e0 la remise \u00e0 neuf compl\u00e8te. Chaque situation est unique, mais notre processus g\u00e9n\u00e9ral suit ces \u00e9tapes : Inspection g\u00e9n\u00e9rale&nbsp;: La vanne est re\u00e7ue et inspect\u00e9e attentivement. D\u00e9montage et [&hellip;]","og_url":"https:\/\/www.dhbvalves.com\/en\/service\/reparation-et-remise-a-neuf-de-vannes\/","og_site_name":"DHB Valves","article_modified_time":"2025-05-29T16:47:52+00:00","og_image":[{"width":700,"height":783,"url":"https:\/\/www.dhbvalves.com\/wp-content\/uploads\/DHB-Valves_repair-refurbishing_before-after.jpg","type":"image\/jpeg"}],"twitter_card":"summary_large_image","twitter_misc":{"Est. reading time":"2 minutes"},"schema":{"@context":"https:\/\/schema.org","@graph":[{"@type":"WebPage","@id":"https:\/\/www.dhbvalves.com\/service\/reparation-et-remise-a-neuf-de-vannes\/","url":"https:\/\/www.dhbvalves.com\/service\/reparation-et-remise-a-neuf-de-vannes\/","name":"R\u00e9paration et remise \u00e0 neuf de vannes - DHB Valves","isPartOf":{"@id":"https:\/\/www.dhbvalves.com\/#website"},"primaryImageOfPage":{"@id":"https:\/\/www.dhbvalves.com\/service\/reparation-et-remise-a-neuf-de-vannes\/#primaryimage"},"image":{"@id":"https:\/\/www.dhbvalves.com\/service\/reparation-et-remise-a-neuf-de-vannes\/#primaryimage"},"thumbnailUrl":"https:\/\/www.dhbvalves.com\/wp-content\/uploads\/DHB-Valves_repair-refurbishing_before-after.jpg","datePublished":"2023-11-30T22:25:31+00:00","dateModified":"2025-05-29T16:47:52+00:00","breadcrumb":{"@id":"https:\/\/www.dhbvalves.com\/service\/reparation-et-remise-a-neuf-de-vannes\/#breadcrumb"},"inLanguage":"en-CA","potentialAction":[{"@type":"ReadAction","target":["https:\/\/www.dhbvalves.com\/service\/reparation-et-remise-a-neuf-de-vannes\/"]}]},{"@type":"ImageObject","inLanguage":"en-CA","@id":"https:\/\/www.dhbvalves.com\/service\/reparation-et-remise-a-neuf-de-vannes\/#primaryimage","url":"https:\/\/www.dhbvalves.com\/wp-content\/uploads\/DHB-Valves_repair-refurbishing_before-after.jpg","contentUrl":"https:\/\/www.dhbvalves.com\/wp-content\/uploads\/DHB-Valves_repair-refurbishing_before-after.jpg"},{"@type":"BreadcrumbList","@id":"https:\/\/www.dhbvalves.com\/service\/reparation-et-remise-a-neuf-de-vannes\/#breadcrumb","itemListElement":[{"@type":"ListItem","position":1,"name":"Home","item":"https:\/\/www.dhbvalves.com\/"},{"@type":"ListItem","position":2,"name":"Service","item":"https:\/\/www.dhbvalves.com\/service\/"},{"@type":"ListItem","position":3,"name":"R\u00e9paration et remise \u00e0 neuf de vannes"}]},{"@type":"WebSite","@id":"https:\/\/www.dhbvalves.com\/#website","url":"https:\/\/www.dhbvalves.com\/","name":"DHB Valves","description":"Industrial &amp; Marine Valves<br>SERVICE &amp; SALES SPECIALISTS","publisher":{"@id":"https:\/\/www.dhbvalves.com\/#organization"},"potentialAction":[{"@type":"SearchAction","target":{"@type":"EntryPoint","urlTemplate":"https:\/\/www.dhbvalves.com\/?s={search_term_string}"},"query-input":{"@type":"PropertyValueSpecification","valueRequired":true,"valueName":"search_term_string"}}],"inLanguage":"en-CA"},{"@type":"Organization","@id":"https:\/\/www.dhbvalves.com\/#organization","name":"DHB Valves","url":"https:\/\/www.dhbvalves.com\/","logo":{"@type":"ImageObject","inLanguage":"en-CA","@id":"https:\/\/www.dhbvalves.com\/#\/schema\/logo\/image\/","url":"https:\/\/www.dhbvalves.com\/wp-content\/uploads\/DHB.png","contentUrl":"https:\/\/www.dhbvalves.com\/wp-content\/uploads\/DHB.png","width":700,"height":700,"caption":"DHB Valves"},"image":{"@id":"https:\/\/www.dhbvalves.com\/#\/schema\/logo\/image\/"}}]}},"_links":{"self":[{"href":"https:\/\/www.dhbvalves.com\/en\/wp-json\/wp\/v2\/pages\/147","targetHints":{"allow":["GET"]}}],"collection":[{"href":"https:\/\/www.dhbvalves.com\/en\/wp-json\/wp\/v2\/pages"}],"about":[{"href":"https:\/\/www.dhbvalves.com\/en\/wp-json\/wp\/v2\/types\/page"}],"author":[{"embeddable":true,"href":"https:\/\/www.dhbvalves.com\/en\/wp-json\/wp\/v2\/users\/1"}],"replies":[{"embeddable":true,"href":"https:\/\/www.dhbvalves.com\/en\/wp-json\/wp\/v2\/comments?post=147"}],"version-history":[{"count":0,"href":"https:\/\/www.dhbvalves.com\/en\/wp-json\/wp\/v2\/pages\/147\/revisions"}],"up":[{"embeddable":true,"href":"https:\/\/www.dhbvalves.com\/en\/wp-json\/wp\/v2\/pages\/148"}],"wp:attachment":[{"href":"https:\/\/www.dhbvalves.com\/en\/wp-json\/wp\/v2\/media?parent=147"}],"curies":[{"name":"wp","href":"https:\/\/api.w.org\/{rel}","templated":true}]}}